{"id":55,"date":"2017-05-12T14:40:56","date_gmt":"2017-05-12T14:40:56","guid":{"rendered":"https:\/\/clubedaprancha.com\/blog\/?page_id=55"},"modified":"2017-05-20T20:52:00","modified_gmt":"2017-05-20T20:52:00","slug":"contato","status":"publish","type":"page","link":"https:\/\/clubedaprancha.com\/blog\/contato\/","title":{"rendered":"Contato"},"content":{"rendered":"<p><img loading=\"lazy\" decoding=\"async\" class=\"alignleft size-medium wp-image-56\" src=\"https:\/\/clubedaprancha.com\/blog\/wp-content\/uploads\/2017\/05\/Surf-em-Hunginton-Beach-300x167.png\" alt=\"\" width=\"300\" height=\"167\" srcset=\"https:\/\/clubedaprancha.com\/blog\/wp-content\/uploads\/2017\/05\/Surf-em-Hunginton-Beach-300x167.png 300w, https:\/\/clubedaprancha.com\/blog\/wp-content\/uploads\/2017\/05\/Surf-em-Hunginton-Beach-600x333.png 600w, https:\/\/clubedaprancha.com\/blog\/wp-content\/uploads\/2017\/05\/Surf-em-Hunginton-Beach-768x427.png 768w, https:\/\/clubedaprancha.com\/blog\/wp-content\/uploads\/2017\/05\/Surf-em-Hunginton-Beach-1024x569.png 1024w, https:\/\/clubedaprancha.com\/blog\/wp-content\/uploads\/2017\/05\/Surf-em-Hunginton-Beach.png 1066w\" sizes=\"auto, (max-width: 300px) 100vw, 300px\" \/><br \/>\nEstamos finalizando nossa loja on line, que ter\u00e1 todos os pacotes de servi\u00e7os e produtos exclusivos com entrega gr\u00e1tis em Salvador e Lauro de Freitas.<\/p>\n<p>Enquanto isso, para fechar o seu pacote, curso ou aula, entre em contato com a nossa equipe:<\/p>\n<p>Gustavo Foerster -Telefone: 71 99248 1267 ou email: <a href=\"mailto:gustavo@clubedaprancha.com\">gustavo@clubedaprancha.com <\/a><\/p>\n<p>Estamos tamb\u00e9m no <a href=\"https:\/\/www.facebook.com\/clubedapranchaoficial\/\">Facebook ( Clubedapranchaoficial ) <\/a>e <a href=\"https:\/\/www.instagram.com\/clubedaprancha\/\">Instagram ( @clubedaprancha ).<\/a><br \/>\nAloha !<\/p>\n","protected":false},"excerpt":{"rendered":"<p>Estamos finalizando nossa loja on line, que ter\u00e1 todos os pacotes de servi\u00e7os e produtos exclusivos com entrega gr\u00e1tis em Salvador e Lauro de Freitas. &#8230;. <\/p>\n","protected":false},"author":1,"featured_media":0,"parent":0,"menu_order":0,"comment_status":"closed","ping_status":"closed","template":"","meta":{"footnotes":""},"class_list":["post-55","page","type-page","status-publish","hentry"],"_links":{"self":[{"href":"https:\/\/clubedaprancha.com\/blog\/wp-json\/wp\/v2\/pages\/55","targetHints":{"allow":["GET"]}}],"collection":[{"href":"https:\/\/clubedaprancha.com\/blog\/wp-json\/wp\/v2\/pages"}],"about":[{"href":"https:\/\/clubedaprancha.com\/blog\/wp-json\/wp\/v2\/types\/page"}],"author":[{"embeddable":true,"href":"https:\/\/clubedaprancha.com\/blog\/wp-json\/wp\/v2\/users\/1"}],"replies":[{"embeddable":true,"href":"https:\/\/clubedaprancha.com\/blog\/wp-json\/wp\/v2\/comments?post=55"}],"version-history":[{"count":3,"href":"https:\/\/clubedaprancha.com\/blog\/wp-json\/wp\/v2\/pages\/55\/revisions"}],"predecessor-version":[{"id":60,"href":"https:\/\/clubedaprancha.com\/blog\/wp-json\/wp\/v2\/pages\/55\/revisions\/60"}],"wp:attachment":[{"href":"https:\/\/clubedaprancha.com\/blog\/wp-json\/wp\/v2\/media?parent=55"}],"curies":[{"name":"wp","href":"https:\/\/api.w.org\/{rel}","templated":true}]}}